{"id":1153,"date":"2019-08-23T06:18:13","date_gmt":"2019-08-23T06:18:13","guid":{"rendered":"http:\/\/www.primafit.cz\/?page_id=1153"},"modified":"2026-01-07T15:53:24","modified_gmt":"2026-01-07T15:53:24","slug":"nachod","status":"publish","type":"page","link":"https:\/\/www.primafit.cz\/index.php\/rozvrh-lekci\/nachod\/","title":{"rendered":"N\u00e1chod"},"content":{"rendered":"<p style=\"text-align: center;\"><strong>Rozvrh cvi\u010den\u00ed &#8211; Hurd\u00e1lkova 206<\/strong><\/p>\n<p><img loading=\"lazy\" decoding=\"async\" src=\"https:\/\/www.primafit.cz\/wp-content\/uploads\/2026\/01\/rozvrh_nachod_20260107.png\" alt=\"\" width=\"1328\" height=\"629\" class=\"size-full wp-image-1956 aligncenter\" srcset=\"https:\/\/www.primafit.cz\/wp-content\/uploads\/2026\/01\/rozvrh_nachod_20260107.png 1328w, https:\/\/www.primafit.cz\/wp-content\/uploads\/2026\/01\/rozvrh_nachod_20260107-300x142.png 300w, https:\/\/www.primafit.cz\/wp-content\/uploads\/2026\/01\/rozvrh_nachod_20260107-1024x485.png 1024w, https:\/\/www.primafit.cz\/wp-content\/uploads\/2026\/01\/rozvrh_nachod_20260107-768x364.png 768w\" sizes=\"auto, (max-width: 1328px) 100vw, 1328px\" \/><\/p>\n<p>&nbsp;<\/p>\n","protected":false},"excerpt":{"rendered":"<p>Rozvrh cvi\u010den\u00ed &#8211; Hurd\u00e1lkova 206 &nbsp;<\/p>\n","protected":false},"author":1,"featured_media":0,"parent":82,"menu_order":0,"comment_status":"closed","ping_status":"closed","template":"","meta":{"footnotes":""},"class_list":["post-1153","page","type-page","status-publish","hentry"],"_links":{"self":[{"href":"https:\/\/www.primafit.cz\/index.php\/wp-json\/wp\/v2\/pages\/1153","targetHints":{"allow":["GET"]}}],"collection":[{"href":"https:\/\/www.primafit.cz\/index.php\/wp-json\/wp\/v2\/pages"}],"about":[{"href":"https:\/\/www.primafit.cz\/index.php\/wp-json\/wp\/v2\/types\/page"}],"author":[{"embeddable":true,"href":"https:\/\/www.primafit.cz\/index.php\/wp-json\/wp\/v2\/users\/1"}],"replies":[{"embeddable":true,"href":"https:\/\/www.primafit.cz\/index.php\/wp-json\/wp\/v2\/comments?post=1153"}],"version-history":[{"count":56,"href":"https:\/\/www.primafit.cz\/index.php\/wp-json\/wp\/v2\/pages\/1153\/revisions"}],"predecessor-version":[{"id":1957,"href":"https:\/\/www.primafit.cz\/index.php\/wp-json\/wp\/v2\/pages\/1153\/revisions\/1957"}],"up":[{"embeddable":true,"href":"https:\/\/www.primafit.cz\/index.php\/wp-json\/wp\/v2\/pages\/82"}],"wp:attachment":[{"href":"https:\/\/www.primafit.cz\/index.php\/wp-json\/wp\/v2\/media?parent=1153"}],"curies":[{"name":"wp","href":"https:\/\/api.w.org\/{rel}","templated":true}]}}