{"id":122,"date":"2017-08-09T16:28:50","date_gmt":"2017-08-09T16:28:50","guid":{"rendered":"http:\/\/www.primafit.cz\/?page_id=122"},"modified":"2017-12-30T22:30:35","modified_gmt":"2017-12-30T22:30:35","slug":"lekce","status":"publish","type":"page","link":"https:\/\/www.primafit.cz\/index.php\/lekce\/","title":{"rendered":"Slu\u017eby"},"content":{"rendered":"<h3><a href=\"https:\/\/www.primafit.cz\/index.php\/lekce\/nabidka-lekci\/\"><span style=\"color: #ff0080;\">Cvi\u010den\u00ed<\/span><\/a><\/h3>\n<h3><a href=\"https:\/\/www.primafit.cz\/index.php\/lekce\/magic-wrap\/\"><span style=\"color: #ff0080;\">Magic Wrap <\/span><\/a><\/h3>\n<h3><a href=\"https:\/\/www.primafit.cz\/index.php\/lekce\/pronajem-studia\/\"><span style=\"color: #ff0080;\">Pron\u00e1jem studia<\/span><\/a><\/h3>\n","protected":false},"excerpt":{"rendered":"<p>Cvi\u010den\u00ed Magic Wrap Pron\u00e1jem studia<\/p>\n","protected":false},"author":1,"featured_media":0,"parent":0,"menu_order":2,"comment_status":"closed","ping_status":"closed","template":"","meta":{"footnotes":""},"class_list":["post-122","page","type-page","status-publish","hentry"],"_links":{"self":[{"href":"https:\/\/www.primafit.cz\/index.php\/wp-json\/wp\/v2\/pages\/122","targetHints":{"allow":["GET"]}}],"collection":[{"href":"https:\/\/www.primafit.cz\/index.php\/wp-json\/wp\/v2\/pages"}],"about":[{"href":"https:\/\/www.primafit.cz\/index.php\/wp-json\/wp\/v2\/types\/page"}],"author":[{"embeddable":true,"href":"https:\/\/www.primafit.cz\/index.php\/wp-json\/wp\/v2\/users\/1"}],"replies":[{"embeddable":true,"href":"https:\/\/www.primafit.cz\/index.php\/wp-json\/wp\/v2\/comments?post=122"}],"version-history":[{"count":15,"href":"https:\/\/www.primafit.cz\/index.php\/wp-json\/wp\/v2\/pages\/122\/revisions"}],"predecessor-version":[{"id":690,"href":"https:\/\/www.primafit.cz\/index.php\/wp-json\/wp\/v2\/pages\/122\/revisions\/690"}],"wp:attachment":[{"href":"https:\/\/www.primafit.cz\/index.php\/wp-json\/wp\/v2\/media?parent=122"}],"curies":[{"name":"wp","href":"https:\/\/api.w.org\/{rel}","templated":true}]}}