{"id":1473,"date":"2021-05-11T07:30:06","date_gmt":"2021-05-11T07:30:06","guid":{"rendered":"https:\/\/www.primafit.cz\/?page_id=1473"},"modified":"2026-01-08T18:33:45","modified_gmt":"2026-01-08T18:33:45","slug":"vikendy-se-cvicenim","status":"publish","type":"page","link":"https:\/\/www.primafit.cz\/index.php\/lekce\/vikendy-se-cvicenim\/","title":{"rendered":"V\u00edkendy se cvi\u010den\u00edm"},"content":{"rendered":"<p><img loading=\"lazy\" decoding=\"async\" src=\"https:\/\/www.primafit.cz\/wp-content\/uploads\/2026\/01\/prehled_vikendu.jpeg\" alt=\"\" width=\"723\" height=\"349\" class=\"size-full wp-image-1974 aligncenter\" srcset=\"https:\/\/www.primafit.cz\/wp-content\/uploads\/2026\/01\/prehled_vikendu.jpeg 723w, https:\/\/www.primafit.cz\/wp-content\/uploads\/2026\/01\/prehled_vikendu-300x145.jpeg 300w\" sizes=\"auto, (max-width: 723px) 100vw, 723px\" \/><\/p>\n","protected":false},"excerpt":{"rendered":"","protected":false},"author":1,"featured_media":0,"parent":122,"menu_order":3,"comment_status":"closed","ping_status":"closed","template":"","meta":{"footnotes":""},"class_list":["post-1473","page","type-page","status-publish","hentry"],"_links":{"self":[{"href":"https:\/\/www.primafit.cz\/index.php\/wp-json\/wp\/v2\/pages\/1473","targetHints":{"allow":["GET"]}}],"collection":[{"href":"https:\/\/www.primafit.cz\/index.php\/wp-json\/wp\/v2\/pages"}],"about":[{"href":"https:\/\/www.primafit.cz\/index.php\/wp-json\/wp\/v2\/types\/page"}],"author":[{"embeddable":true,"href":"https:\/\/www.primafit.cz\/index.php\/wp-json\/wp\/v2\/users\/1"}],"replies":[{"embeddable":true,"href":"https:\/\/www.primafit.cz\/index.php\/wp-json\/wp\/v2\/comments?post=1473"}],"version-history":[{"count":11,"href":"https:\/\/www.primafit.cz\/index.php\/wp-json\/wp\/v2\/pages\/1473\/revisions"}],"predecessor-version":[{"id":1975,"href":"https:\/\/www.primafit.cz\/index.php\/wp-json\/wp\/v2\/pages\/1473\/revisions\/1975"}],"up":[{"embeddable":true,"href":"https:\/\/www.primafit.cz\/index.php\/wp-json\/wp\/v2\/pages\/122"}],"wp:attachment":[{"href":"https:\/\/www.primafit.cz\/index.php\/wp-json\/wp\/v2\/media?parent=1473"}],"curies":[{"name":"wp","href":"https:\/\/api.w.org\/{rel}","templated":true}]}}