{"id":1533,"date":"2021-09-25T15:00:37","date_gmt":"2021-09-25T15:00:37","guid":{"rendered":"https:\/\/www.primafit.cz\/?page_id=1533"},"modified":"2021-11-01T12:07:56","modified_gmt":"2021-11-01T12:07:56","slug":"katerina-hanusova","status":"publish","type":"page","link":"https:\/\/www.primafit.cz\/index.php\/uvodni-stranka\/lektori\/katerina-hanusova\/","title":{"rendered":"Kate\u0159ina Hanu\u0161ov\u00e1"},"content":{"rendered":"<p><img loading=\"lazy\" decoding=\"async\" src=\"https:\/\/www.primafit.cz\/wp-content\/uploads\/2021\/11\/katerina_hanusova.jpg\" alt=\"\" width=\"500\" height=\"375\" class=\"aligncenter wp-image-1583\" srcset=\"https:\/\/www.primafit.cz\/wp-content\/uploads\/2021\/11\/katerina_hanusova.jpg 960w, https:\/\/www.primafit.cz\/wp-content\/uploads\/2021\/11\/katerina_hanusova-300x225.jpg 300w, https:\/\/www.primafit.cz\/wp-content\/uploads\/2021\/11\/katerina_hanusova-768x576.jpg 768w\" sizes=\"auto, (max-width: 500px) 100vw, 500px\" \/><\/p>\n","protected":false},"excerpt":{"rendered":"","protected":false},"author":1,"featured_media":0,"parent":74,"menu_order":13,"comment_status":"closed","ping_status":"closed","template":"","meta":{"footnotes":""},"class_list":["post-1533","page","type-page","status-publish","hentry"],"_links":{"self":[{"href":"https:\/\/www.primafit.cz\/index.php\/wp-json\/wp\/v2\/pages\/1533","targetHints":{"allow":["GET"]}}],"collection":[{"href":"https:\/\/www.primafit.cz\/index.php\/wp-json\/wp\/v2\/pages"}],"about":[{"href":"https:\/\/www.primafit.cz\/index.php\/wp-json\/wp\/v2\/types\/page"}],"author":[{"embeddable":true,"href":"https:\/\/www.primafit.cz\/index.php\/wp-json\/wp\/v2\/users\/1"}],"replies":[{"embeddable":true,"href":"https:\/\/www.primafit.cz\/index.php\/wp-json\/wp\/v2\/comments?post=1533"}],"version-history":[{"count":4,"href":"https:\/\/www.primafit.cz\/index.php\/wp-json\/wp\/v2\/pages\/1533\/revisions"}],"predecessor-version":[{"id":1606,"href":"https:\/\/www.primafit.cz\/index.php\/wp-json\/wp\/v2\/pages\/1533\/revisions\/1606"}],"up":[{"embeddable":true,"href":"https:\/\/www.primafit.cz\/index.php\/wp-json\/wp\/v2\/pages\/74"}],"wp:attachment":[{"href":"https:\/\/www.primafit.cz\/index.php\/wp-json\/wp\/v2\/media?parent=1533"}],"curies":[{"name":"wp","href":"https:\/\/api.w.org\/{rel}","templated":true}]}}