{"id":1535,"date":"2021-09-25T15:01:12","date_gmt":"2021-09-25T15:01:12","guid":{"rendered":"https:\/\/www.primafit.cz\/?page_id=1535"},"modified":"2021-11-01T11:54:23","modified_gmt":"2021-11-01T11:54:23","slug":"daniel-cech","status":"publish","type":"page","link":"https:\/\/www.primafit.cz\/index.php\/uvodni-stranka\/lektori\/daniel-cech\/","title":{"rendered":"Daniel \u010cech"},"content":{"rendered":"<p>Daniel vystudoval fakultu zdravotnick\u00fdch studi\u00ed Univerzity Pardubice. Od d\u011btstv\u00ed m\u00e1 z\u00e1jem o zdrav\u00ed, v\u00fd\u017eivu a pravideln\u00fd pohyb.<br \/>\nOd roku 2020 vede sv\u00e9 lekce. V roce 2021 absolvoval rekvalifika\u010dn\u00ed kurz j\u00f3gy. J\u00f3gov\u00e9 praxi se v\u011bnuje samoz\u0159ejm\u011b i mimo zdi studia, sna\u017e\u00ed se vzd\u011bl\u00e1vat, \u00fa\u010dastnil se workshop\u016f a n\u00e1v\u0161t\u011bvou j\u00f3gov\u00fdch studi\u00ed \u010derpat novou inspiraci. Z\u00e1jem o j\u00f3gu, kter\u00fd p\u0159erostl v ka\u017edodenn\u00ed aktivitu, je teprve tedy za\u010d\u00e1tkem. Je to cesta, prost\u0159ednictv\u00edm kter\u00e9 lze poznat nov\u00e9 tv\u00e1\u0159e. Tak\u00e9 je to p\u0159\u00edle\u017eitost v\u011bnovat se nejen fyzick\u00e9, ale z velk\u00e9 \u010d\u00e1sti i psychick\u00e9 str\u00e1nce zdrav\u00ed, a to jak o sv\u00e9, tak i zdrav\u00ed ostatn\u00edch.<br \/>\nJ\u00f3ga je pozn\u00e1n\u00ed sebe sama. Je to neust\u00e1l\u00fd hlad po objevu nov\u00fdch perspektiv, v\u011bdomost\u00ed a mo\u017enost\u00ed. Z\u00e1rove\u0148 si zachov\u00e1v\u00e1 ur\u010dit\u00fd aspekt rutiny, bez kter\u00e9 by nebylo mo\u017en\u00e9 naj\u00edt to spr\u00e1vn\u00e9.<br \/>\nDaniel vede aktu\u00e1ln\u011b lekce hatha j\u00f3gy a j\u00f3gy ve vzduchu.<\/p>\n<p><img loading=\"lazy\" decoding=\"async\" src=\"https:\/\/www.primafit.cz\/wp-content\/uploads\/2021\/11\/daniel_cech.jpg\" alt=\"\" width=\"500\" height=\"578\" class=\"wp-image-1589 aligncenter\" srcset=\"https:\/\/www.primafit.cz\/wp-content\/uploads\/2021\/11\/daniel_cech.jpg 865w, https:\/\/www.primafit.cz\/wp-content\/uploads\/2021\/11\/daniel_cech-260x300.jpg 260w, https:\/\/www.primafit.cz\/wp-content\/uploads\/2021\/11\/daniel_cech-768x888.jpg 768w\" sizes=\"auto, (max-width: 500px) 100vw, 500px\" \/><\/p>\n","protected":false},"excerpt":{"rendered":"<p>Daniel vystudoval fakultu zdravotnick\u00fdch studi\u00ed Univerzity Pardubice. Od d\u011btstv\u00ed m\u00e1 z\u00e1jem o zdrav\u00ed, v\u00fd\u017eivu a pravideln\u00fd pohyb. Od roku 2020 vede sv\u00e9 lekce. V roce 2021 absolvoval rekvalifika\u010dn\u00ed kurz j\u00f3gy. J\u00f3gov\u00e9 praxi se v\u011bnuje samoz\u0159ejm\u011b i mimo zdi studia, sna\u017e\u00ed se vzd\u011bl\u00e1vat, \u00fa\u010dastnil se workshop\u016f a n\u00e1v\u0161t\u011bvou j\u00f3gov\u00fdch studi\u00ed \u010derpat [&hellip;]<\/p>\n","protected":false},"author":1,"featured_media":0,"parent":74,"menu_order":14,"comment_status":"closed","ping_status":"closed","template":"","meta":{"footnotes":""},"class_list":["post-1535","page","type-page","status-publish","hentry"],"_links":{"self":[{"href":"https:\/\/www.primafit.cz\/index.php\/wp-json\/wp\/v2\/pages\/1535","targetHints":{"allow":["GET"]}}],"collection":[{"href":"https:\/\/www.primafit.cz\/index.php\/wp-json\/wp\/v2\/pages"}],"about":[{"href":"https:\/\/www.primafit.cz\/index.php\/wp-json\/wp\/v2\/types\/page"}],"author":[{"embeddable":true,"href":"https:\/\/www.primafit.cz\/index.php\/wp-json\/wp\/v2\/users\/1"}],"replies":[{"embeddable":true,"href":"https:\/\/www.primafit.cz\/index.php\/wp-json\/wp\/v2\/comments?post=1535"}],"version-history":[{"count":5,"href":"https:\/\/www.primafit.cz\/index.php\/wp-json\/wp\/v2\/pages\/1535\/revisions"}],"predecessor-version":[{"id":1591,"href":"https:\/\/www.primafit.cz\/index.php\/wp-json\/wp\/v2\/pages\/1535\/revisions\/1591"}],"up":[{"embeddable":true,"href":"https:\/\/www.primafit.cz\/index.php\/wp-json\/wp\/v2\/pages\/74"}],"wp:attachment":[{"href":"https:\/\/www.primafit.cz\/index.php\/wp-json\/wp\/v2\/media?parent=1535"}],"curies":[{"name":"wp","href":"https:\/\/api.w.org\/{rel}","templated":true}]}}