{"id":1546,"date":"2021-09-25T15:04:04","date_gmt":"2021-09-25T15:04:04","guid":{"rendered":"https:\/\/www.primafit.cz\/?page_id=1546"},"modified":"2021-11-01T12:04:05","modified_gmt":"2021-11-01T12:04:05","slug":"veronika-lukasova","status":"publish","type":"page","link":"https:\/\/www.primafit.cz\/index.php\/uvodni-stranka\/lektori\/veronika-lukasova\/","title":{"rendered":"Veronika Luk\u00e1\u0161ov\u00e1"},"content":{"rendered":"<p><img loading=\"lazy\" decoding=\"async\" src=\"https:\/\/www.primafit.cz\/wp-content\/uploads\/2021\/11\/veronika_lukasova.jpg\" alt=\"\" width=\"500\" height=\"500\" class=\"wp-image-1601 aligncenter\" srcset=\"https:\/\/www.primafit.cz\/wp-content\/uploads\/2021\/11\/veronika_lukasova.jpg 960w, https:\/\/www.primafit.cz\/wp-content\/uploads\/2021\/11\/veronika_lukasova-300x300.jpg 300w, https:\/\/www.primafit.cz\/wp-content\/uploads\/2021\/11\/veronika_lukasova-150x150.jpg 150w, https:\/\/www.primafit.cz\/wp-content\/uploads\/2021\/11\/veronika_lukasova-768x768.jpg 768w\" sizes=\"auto, (max-width: 500px) 100vw, 500px\" \/><\/p>\n","protected":false},"excerpt":{"rendered":"","protected":false},"author":1,"featured_media":0,"parent":74,"menu_order":19,"comment_status":"closed","ping_status":"closed","template":"","meta":{"footnotes":""},"class_list":["post-1546","page","type-page","status-publish","hentry"],"_links":{"self":[{"href":"https:\/\/www.primafit.cz\/index.php\/wp-json\/wp\/v2\/pages\/1546","targetHints":{"allow":["GET"]}}],"collection":[{"href":"https:\/\/www.primafit.cz\/index.php\/wp-json\/wp\/v2\/pages"}],"about":[{"href":"https:\/\/www.primafit.cz\/index.php\/wp-json\/wp\/v2\/types\/page"}],"author":[{"embeddable":true,"href":"https:\/\/www.primafit.cz\/index.php\/wp-json\/wp\/v2\/users\/1"}],"replies":[{"embeddable":true,"href":"https:\/\/www.primafit.cz\/index.php\/wp-json\/wp\/v2\/comments?post=1546"}],"version-history":[{"count":2,"href":"https:\/\/www.primafit.cz\/index.php\/wp-json\/wp\/v2\/pages\/1546\/revisions"}],"predecessor-version":[{"id":1602,"href":"https:\/\/www.primafit.cz\/index.php\/wp-json\/wp\/v2\/pages\/1546\/revisions\/1602"}],"up":[{"embeddable":true,"href":"https:\/\/www.primafit.cz\/index.php\/wp-json\/wp\/v2\/pages\/74"}],"wp:attachment":[{"href":"https:\/\/www.primafit.cz\/index.php\/wp-json\/wp\/v2\/media?parent=1546"}],"curies":[{"name":"wp","href":"https:\/\/api.w.org\/{rel}","templated":true}]}}