{"id":1704,"date":"2022-12-27T18:45:16","date_gmt":"2022-12-27T18:45:16","guid":{"rendered":"https:\/\/www.primafit.cz\/?page_id=1704"},"modified":"2022-12-27T18:45:36","modified_gmt":"2022-12-27T18:45:36","slug":"kangoo-jumps","status":"publish","type":"page","link":"https:\/\/www.primafit.cz\/index.php\/lekce\/nabidka-lekci\/kangoo-jumps\/","title":{"rendered":"KANGOO JUMPS"},"content":{"rendered":"<p>Zdrav\u00e9 a velmi z\u00e1bavn\u00e9 sk\u00e1k\u00e1n\u00ed na speci\u00e1ln\u00edch Kangoo botk\u00e1ch. Aerobn\u00ed typ cvi\u010den\u00ed, p\u0159i kter\u00e9m z\u00e1rove\u0148 pos\u00edl\u00edte cel\u00e9 t\u011blo.<\/p>\n<p>V p\u0159\u00edpad\u011b, \u017ee nem\u00e1te vlastn\u00ed Kangoo botky, p\u016fj\u010d\u00edme V\u00e1m &#8211; vstupn\u00e9 150,-<\/p>\n<p>Jestli m\u00e1te svoje Kangoo botky, vezm\u011bte si je s sebou &#8211; vstupn\u00e9 110,-<\/p>\n<p>Lekci neprovozuje na\u0161e studio &#8211; nelze pou\u017e\u00edt Primafit permanentku.<\/p>\n<p>Doporu\u010dujeme m\u00edt vy\u0161\u0161\u00ed pono\u017eky, nejl\u00e9pe podkolenky.<\/p>\n<p>Maxim\u00e1ln\u00ed nosnost botek je 85 kg.<\/p>\n<p><img loading=\"lazy\" decoding=\"async\" src=\"https:\/\/www.primafit.cz\/wp-content\/uploads\/2022\/12\/kangoo_jumps.jpg\" alt=\"\" width=\"752\" height=\"500\" class=\"aligncenter wp-image-1705\" srcset=\"https:\/\/www.primafit.cz\/wp-content\/uploads\/2022\/12\/kangoo_jumps.jpg 1000w, https:\/\/www.primafit.cz\/wp-content\/uploads\/2022\/12\/kangoo_jumps-300x200.jpg 300w, https:\/\/www.primafit.cz\/wp-content\/uploads\/2022\/12\/kangoo_jumps-768x511.jpg 768w, https:\/\/www.primafit.cz\/wp-content\/uploads\/2022\/12\/kangoo_jumps-360x240.jpg 360w\" sizes=\"auto, (max-width: 752px) 100vw, 752px\" \/><\/p>\n","protected":false},"excerpt":{"rendered":"<p>Zdrav\u00e9 a velmi z\u00e1bavn\u00e9 sk\u00e1k\u00e1n\u00ed na speci\u00e1ln\u00edch Kangoo botk\u00e1ch. Aerobn\u00ed typ cvi\u010den\u00ed, p\u0159i kter\u00e9m z\u00e1rove\u0148 pos\u00edl\u00edte cel\u00e9 t\u011blo. V p\u0159\u00edpad\u011b, \u017ee nem\u00e1te vlastn\u00ed Kangoo botky, p\u016fj\u010d\u00edme V\u00e1m &#8211; vstupn\u00e9 150,- Jestli m\u00e1te svoje Kangoo botky, vezm\u011bte si je s sebou &#8211; vstupn\u00e9 110,- Lekci neprovozuje na\u0161e studio &#8211; nelze pou\u017e\u00edt [&hellip;]<\/p>\n","protected":false},"author":1,"featured_media":0,"parent":61,"menu_order":24,"comment_status":"closed","ping_status":"closed","template":"","meta":{"footnotes":""},"class_list":["post-1704","page","type-page","status-publish","hentry"],"_links":{"self":[{"href":"https:\/\/www.primafit.cz\/index.php\/wp-json\/wp\/v2\/pages\/1704","targetHints":{"allow":["GET"]}}],"collection":[{"href":"https:\/\/www.primafit.cz\/index.php\/wp-json\/wp\/v2\/pages"}],"about":[{"href":"https:\/\/www.primafit.cz\/index.php\/wp-json\/wp\/v2\/types\/page"}],"author":[{"embeddable":true,"href":"https:\/\/www.primafit.cz\/index.php\/wp-json\/wp\/v2\/users\/1"}],"replies":[{"embeddable":true,"href":"https:\/\/www.primafit.cz\/index.php\/wp-json\/wp\/v2\/comments?post=1704"}],"version-history":[{"count":2,"href":"https:\/\/www.primafit.cz\/index.php\/wp-json\/wp\/v2\/pages\/1704\/revisions"}],"predecessor-version":[{"id":1707,"href":"https:\/\/www.primafit.cz\/index.php\/wp-json\/wp\/v2\/pages\/1704\/revisions\/1707"}],"up":[{"embeddable":true,"href":"https:\/\/www.primafit.cz\/index.php\/wp-json\/wp\/v2\/pages\/61"}],"wp:attachment":[{"href":"https:\/\/www.primafit.cz\/index.php\/wp-json\/wp\/v2\/media?parent=1704"}],"curies":[{"name":"wp","href":"https:\/\/api.w.org\/{rel}","templated":true}]}}