{"id":188,"date":"2017-08-20T18:11:16","date_gmt":"2017-08-20T18:11:16","guid":{"rendered":"http:\/\/www.primafit.cz\/?page_id=188"},"modified":"2020-01-07T16:00:16","modified_gmt":"2020-01-07T16:00:16","slug":"fitdance-mini","status":"publish","type":"page","link":"https:\/\/www.primafit.cz\/index.php\/lekce\/nabidka-lekci\/fitdance\/fitdance-deti\/fitdance-mini\/","title":{"rendered":"MINI"},"content":{"rendered":"<h2><span style=\"color: #ff0080;\">FITDANCE MINI &#8211; d\u011bti ve v\u011bku 4 \u2013 6 let<\/span><\/h2>\n<p>Tato hodina je ur\u010dena pro p\u0159ed\u0161koln\u00ed d\u011bti, kter\u00e9 se nau\u010d\u00ed jednoduch\u00e9 tane\u010dn\u00ed kroky poskl\u00e1dan\u00e9 do z\u00e1bavn\u00fdch sestav. Hodina obsahuje i z\u00e1kladn\u00ed pohybovou pr\u016fpravu v\u010detn\u011b gymnastiky. C\u00edlem je d\u011bti nen\u00e1silnou a z\u00e1bavnou formou motivovat k\u00a0pohybu, k\u00a0rozvoji pohybov\u00fdch dovednost\u00ed, spr\u00e1vn\u00e9mu dr\u017een\u00ed t\u011bla a rytmu.<\/p>\n<p>Jedn\u00e1 se o kurzy.<\/p>\n<p>Kurz vede: Monika Bohu\u0148kov\u00e1, Vendula Dra\u0161narov\u00e1<\/p>\n<p>S sebou: boty do studia, pohodln\u00e9 oble\u010den\u00ed, pit\u00ed, ru\u010dn\u00edk<\/p>\n<p>Kurzovn\u00e9: 850,-K\u010d\/kurz<\/p>\n<p><em>Nebojte se s\u00a0jak\u00fdmkoliv dotazem obr\u00e1tit na veden\u00ed studia, velmi r\u00e1di V\u00e1m odpov\u00edme.<\/em><\/p>\n","protected":false},"excerpt":{"rendered":"<p>FITDANCE MINI &#8211; d\u011bti ve v\u011bku 4 \u2013 6 let Tato hodina je ur\u010dena pro p\u0159ed\u0161koln\u00ed d\u011bti, kter\u00e9 se nau\u010d\u00ed jednoduch\u00e9 tane\u010dn\u00ed kroky poskl\u00e1dan\u00e9 do z\u00e1bavn\u00fdch sestav. Hodina obsahuje i z\u00e1kladn\u00ed pohybovou pr\u016fpravu v\u010detn\u011b gymnastiky. C\u00edlem je d\u011bti nen\u00e1silnou a z\u00e1bavnou formou motivovat k\u00a0pohybu, k\u00a0rozvoji pohybov\u00fdch dovednost\u00ed, spr\u00e1vn\u00e9mu dr\u017een\u00ed t\u011bla [&hellip;]<\/p>\n","protected":false},"author":1,"featured_media":0,"parent":219,"menu_order":1,"comment_status":"closed","ping_status":"closed","template":"","meta":{"footnotes":""},"class_list":["post-188","page","type-page","status-publish","hentry"],"_links":{"self":[{"href":"https:\/\/www.primafit.cz\/index.php\/wp-json\/wp\/v2\/pages\/188","targetHints":{"allow":["GET"]}}],"collection":[{"href":"https:\/\/www.primafit.cz\/index.php\/wp-json\/wp\/v2\/pages"}],"about":[{"href":"https:\/\/www.primafit.cz\/index.php\/wp-json\/wp\/v2\/types\/page"}],"author":[{"embeddable":true,"href":"https:\/\/www.primafit.cz\/index.php\/wp-json\/wp\/v2\/users\/1"}],"replies":[{"embeddable":true,"href":"https:\/\/www.primafit.cz\/index.php\/wp-json\/wp\/v2\/comments?post=188"}],"version-history":[{"count":17,"href":"https:\/\/www.primafit.cz\/index.php\/wp-json\/wp\/v2\/pages\/188\/revisions"}],"predecessor-version":[{"id":1323,"href":"https:\/\/www.primafit.cz\/index.php\/wp-json\/wp\/v2\/pages\/188\/revisions\/1323"}],"up":[{"embeddable":true,"href":"https:\/\/www.primafit.cz\/index.php\/wp-json\/wp\/v2\/pages\/219"}],"wp:attachment":[{"href":"https:\/\/www.primafit.cz\/index.php\/wp-json\/wp\/v2\/media?parent=188"}],"curies":[{"name":"wp","href":"https:\/\/api.w.org\/{rel}","templated":true}]}}