{"id":207,"date":"2017-08-20T18:36:30","date_gmt":"2017-08-20T18:36:30","guid":{"rendered":"http:\/\/www.primafit.cz\/?page_id=207"},"modified":"2020-01-07T16:01:34","modified_gmt":"2020-01-07T16:01:34","slug":"fitdance-junior","status":"publish","type":"page","link":"https:\/\/www.primafit.cz\/index.php\/lekce\/nabidka-lekci\/fitdance\/fitdance-deti\/fitdance-junior\/","title":{"rendered":"JUNIOR"},"content":{"rendered":"<h2><span style=\"color: #ff0080;\">FITDANCE JUNIOR &#8211; d\u011bti ve v\u011bku 6 \u2013 14 let<\/span><\/h2>\n<p>Tato hodina je ur\u010dena pro sle\u010dny a chlapce ve v\u011bku 6 \u2013 14 let, kter\u00e9 se nau\u010d\u00ed jednoduch\u00e9 tane\u010dn\u00ed kroky poskl\u00e1dan\u00e9 do z\u00e1bavn\u00fdch sestav. Hodina obsahuje i z\u00e1kladn\u00ed pohybovou pr\u016fpravu v\u010detn\u011b gymnastiky. C\u00edlem je d\u011bti nen\u00e1silnou a z\u00e1bavnou formou motivovat k pohybu, k rozvoji pohybov\u00fdch dovednost\u00ed, spr\u00e1vn\u00e9mu dr\u017een\u00ed t\u011bla a rytmu.<\/p>\n<p>Kurz vede: Monika Bohu\u0148kov\u00e1 (te.: 604450131), Michaela H\u016flkov\u00e1, Marie Rudolov\u00e1, Martina Dohnalov\u00e1<\/p>\n<p>S sebou: boty do studia, pohodln\u00e9 oble\u010den\u00ed, pit\u00ed, ru\u010dn\u00edk<\/p>\n<p>Kurzovn\u00e9: 850,-K\u010d\/kurz 1 x t\u00fddn\u011b (1590,-K\u010d\/2 x t\u00fddn\u011b)<\/p>\n<p><em>Nebojte se s jak\u00fdmkoliv dotazem obr\u00e1tit na veden\u00ed studia, velmi r\u00e1di V\u00e1m odpov\u00edme.<\/em><\/p>\n","protected":false},"excerpt":{"rendered":"<p>FITDANCE JUNIOR &#8211; d\u011bti ve v\u011bku 6 \u2013 14 let Tato hodina je ur\u010dena pro sle\u010dny a chlapce ve v\u011bku 6 \u2013 14 let, kter\u00e9 se nau\u010d\u00ed jednoduch\u00e9 tane\u010dn\u00ed kroky poskl\u00e1dan\u00e9 do z\u00e1bavn\u00fdch sestav. Hodina obsahuje i z\u00e1kladn\u00ed pohybovou pr\u016fpravu v\u010detn\u011b gymnastiky. C\u00edlem je d\u011bti nen\u00e1silnou a z\u00e1bavnou formou motivovat [&hellip;]<\/p>\n","protected":false},"author":1,"featured_media":0,"parent":219,"menu_order":3,"comment_status":"closed","ping_status":"closed","template":"","meta":{"footnotes":""},"class_list":["post-207","page","type-page","status-publish","hentry"],"_links":{"self":[{"href":"https:\/\/www.primafit.cz\/index.php\/wp-json\/wp\/v2\/pages\/207","targetHints":{"allow":["GET"]}}],"collection":[{"href":"https:\/\/www.primafit.cz\/index.php\/wp-json\/wp\/v2\/pages"}],"about":[{"href":"https:\/\/www.primafit.cz\/index.php\/wp-json\/wp\/v2\/types\/page"}],"author":[{"embeddable":true,"href":"https:\/\/www.primafit.cz\/index.php\/wp-json\/wp\/v2\/users\/1"}],"replies":[{"embeddable":true,"href":"https:\/\/www.primafit.cz\/index.php\/wp-json\/wp\/v2\/comments?post=207"}],"version-history":[{"count":10,"href":"https:\/\/www.primafit.cz\/index.php\/wp-json\/wp\/v2\/pages\/207\/revisions"}],"predecessor-version":[{"id":1324,"href":"https:\/\/www.primafit.cz\/index.php\/wp-json\/wp\/v2\/pages\/207\/revisions\/1324"}],"up":[{"embeddable":true,"href":"https:\/\/www.primafit.cz\/index.php\/wp-json\/wp\/v2\/pages\/219"}],"wp:attachment":[{"href":"https:\/\/www.primafit.cz\/index.php\/wp-json\/wp\/v2\/media?parent=207"}],"curies":[{"name":"wp","href":"https:\/\/api.w.org\/{rel}","templated":true}]}}