{"id":289,"date":"2017-08-22T06:27:20","date_gmt":"2017-08-22T06:27:20","guid":{"rendered":"http:\/\/www.primafit.cz\/?page_id=289"},"modified":"2017-08-27T10:21:19","modified_gmt":"2017-08-27T10:21:19","slug":"treninky-pro-tymy","status":"publish","type":"page","link":"https:\/\/www.primafit.cz\/index.php\/lekce\/nabidka-lekci\/treninky-pro-tymy\/","title":{"rendered":"TR\u00c9NINKY PRO T\u00ddMY"},"content":{"rendered":"<h2><span style=\"color: #ff0080;\">SPECI\u00c1LN\u011a C\u00cdLEN\u00c9 TR\u00c9NINKY &#8211;<\/span><span style=\"color: #ff0080;\"> D\u011aTSK\u00c9 SPORTOVN\u00cd T\u00ddMY <\/span><\/h2>\n<p>Na z\u00e1klad\u011b konkr\u00e9tn\u00edho po\u017eadavku tren\u00e9ra d\u011btsk\u00e9ho sportovn\u00edho t\u00fdmu pro v\u00e1\u0161 odd\u00edl p\u0159iprav\u00edme v\u00a0na\u0161em studiu pestrou hodinu zam\u011b\u0159enou nap\u0159. na zv\u00fd\u0161en\u00ed s\u00edly, flexibility, vytrvalosti, pos\u00edlen\u00ed core, vyrovn\u00e1n\u00ed svalov\u00fdch disbalanc\u00ed atd.<\/p>\n<p>Na p\u0159\u00edprav\u011b se bude v\u017edy pod\u00edlet v\u00edce kondi\u010dn\u00edch tren\u00e9r\u016f a odborn\u00edk\u016f na\u0161eho studia.<\/p>\n<p>Konkr\u00e9tn\u00ed term\u00edn na z\u00e1klad\u011b telefonick\u00e9 domluvy \u2013 604450131<\/p>\n<p>Cena: 50 K\u010d\/d\u00edt\u011b (maxim\u00e1ln\u011b 16 d\u011bt\u00ed)<\/p>\n<p>Doporu\u010dujeme maxim\u00e1ln\u011b 1x za m\u011bs\u00edc jako dopln\u011bn\u00ed v\u00e1mi nastaven\u00fdch tr\u00e9ninkov\u00fdch pl\u00e1n\u016f.<\/p>\n","protected":false},"excerpt":{"rendered":"<p>SPECI\u00c1LN\u011a C\u00cdLEN\u00c9 TR\u00c9NINKY &#8211; D\u011aTSK\u00c9 SPORTOVN\u00cd T\u00ddMY Na z\u00e1klad\u011b konkr\u00e9tn\u00edho po\u017eadavku tren\u00e9ra d\u011btsk\u00e9ho sportovn\u00edho t\u00fdmu pro v\u00e1\u0161 odd\u00edl p\u0159iprav\u00edme v\u00a0na\u0161em studiu pestrou hodinu zam\u011b\u0159enou nap\u0159. na zv\u00fd\u0161en\u00ed s\u00edly, flexibility, vytrvalosti, pos\u00edlen\u00ed core, vyrovn\u00e1n\u00ed svalov\u00fdch disbalanc\u00ed atd. Na p\u0159\u00edprav\u011b se bude v\u017edy pod\u00edlet v\u00edce kondi\u010dn\u00edch tren\u00e9r\u016f a odborn\u00edk\u016f na\u0161eho studia. Konkr\u00e9tn\u00ed [&hellip;]<\/p>\n","protected":false},"author":1,"featured_media":0,"parent":61,"menu_order":15,"comment_status":"closed","ping_status":"closed","template":"","meta":{"footnotes":""},"class_list":["post-289","page","type-page","status-publish","hentry"],"_links":{"self":[{"href":"https:\/\/www.primafit.cz\/index.php\/wp-json\/wp\/v2\/pages\/289","targetHints":{"allow":["GET"]}}],"collection":[{"href":"https:\/\/www.primafit.cz\/index.php\/wp-json\/wp\/v2\/pages"}],"about":[{"href":"https:\/\/www.primafit.cz\/index.php\/wp-json\/wp\/v2\/types\/page"}],"author":[{"embeddable":true,"href":"https:\/\/www.primafit.cz\/index.php\/wp-json\/wp\/v2\/users\/1"}],"replies":[{"embeddable":true,"href":"https:\/\/www.primafit.cz\/index.php\/wp-json\/wp\/v2\/comments?post=289"}],"version-history":[{"count":4,"href":"https:\/\/www.primafit.cz\/index.php\/wp-json\/wp\/v2\/pages\/289\/revisions"}],"predecessor-version":[{"id":336,"href":"https:\/\/www.primafit.cz\/index.php\/wp-json\/wp\/v2\/pages\/289\/revisions\/336"}],"up":[{"embeddable":true,"href":"https:\/\/www.primafit.cz\/index.php\/wp-json\/wp\/v2\/pages\/61"}],"wp:attachment":[{"href":"https:\/\/www.primafit.cz\/index.php\/wp-json\/wp\/v2\/media?parent=289"}],"curies":[{"name":"wp","href":"https:\/\/api.w.org\/{rel}","templated":true}]}}