{"id":292,"date":"2017-08-22T06:29:38","date_gmt":"2017-08-22T06:29:38","guid":{"rendered":"http:\/\/www.primafit.cz\/?page_id=292"},"modified":"2021-10-14T05:46:30","modified_gmt":"2021-10-14T05:46:30","slug":"individualni-hodina","status":"publish","type":"page","link":"https:\/\/www.primafit.cz\/index.php\/lekce\/nabidka-lekci\/individualni-hodina\/","title":{"rendered":"INDIVIDU\u00c1LN\u00cd HODINA"},"content":{"rendered":"<p><strong><span style=\"color: #ff0080;\">INDIVIDU\u00c1LN\u00cd SOUKROM\u00c1 nebo SKUPINOV\u00c1 HODINA<\/span><\/strong><\/p>\n<p>Jestli\u017ee m\u00e1te chu\u0165 cvi\u010dit, tan\u010dit nebo posilovat a nevyhovuje v\u00e1m \u010das obl\u00edben\u00e9 hodiny nebo nem\u00e1te r\u00e1di, kdy\u017e jsou ve studiu lid\u00e9, kter\u00e9 nezn\u00e1te, styd\u00edte se, nebo si chcete s\u00a0kamar\u00e1dkou \u010di va\u0161\u00ed prima partou pronajmout lektora pouze pro sebe, nen\u00ed probl\u00e9m. Volejte 604450131 a my v\u00e1m v\u00a0r\u00e1mci na\u0161ich mo\u017enost\u00ed velmi r\u00e1di vyhov\u00edme.<\/p>\n<p>S sebou: boty do studia, pohodln\u00e9 oble\u010den\u00ed, pit\u00ed, ru\u010dn\u00edk<\/p>\n<p>Za takovouto specialitu v\u00a0na\u0161em studiu zaplat\u00edte 500,- K\u010d. (maxim\u00e1ln\u011b 6 lid\u00ed).<\/p>\n","protected":false},"excerpt":{"rendered":"<p>INDIVIDU\u00c1LN\u00cd SOUKROM\u00c1 nebo SKUPINOV\u00c1 HODINA Jestli\u017ee m\u00e1te chu\u0165 cvi\u010dit, tan\u010dit nebo posilovat a nevyhovuje v\u00e1m \u010das obl\u00edben\u00e9 hodiny nebo nem\u00e1te r\u00e1di, kdy\u017e jsou ve studiu lid\u00e9, kter\u00e9 nezn\u00e1te, styd\u00edte se, nebo si chcete s\u00a0kamar\u00e1dkou \u010di va\u0161\u00ed prima partou pronajmout lektora pouze pro sebe, nen\u00ed probl\u00e9m. Volejte 604450131 a my v\u00e1m [&hellip;]<\/p>\n","protected":false},"author":1,"featured_media":0,"parent":61,"menu_order":16,"comment_status":"closed","ping_status":"closed","template":"","meta":{"footnotes":""},"class_list":["post-292","page","type-page","status-publish","hentry"],"_links":{"self":[{"href":"https:\/\/www.primafit.cz\/index.php\/wp-json\/wp\/v2\/pages\/292","targetHints":{"allow":["GET"]}}],"collection":[{"href":"https:\/\/www.primafit.cz\/index.php\/wp-json\/wp\/v2\/pages"}],"about":[{"href":"https:\/\/www.primafit.cz\/index.php\/wp-json\/wp\/v2\/types\/page"}],"author":[{"embeddable":true,"href":"https:\/\/www.primafit.cz\/index.php\/wp-json\/wp\/v2\/users\/1"}],"replies":[{"embeddable":true,"href":"https:\/\/www.primafit.cz\/index.php\/wp-json\/wp\/v2\/comments?post=292"}],"version-history":[{"count":4,"href":"https:\/\/www.primafit.cz\/index.php\/wp-json\/wp\/v2\/pages\/292\/revisions"}],"predecessor-version":[{"id":1579,"href":"https:\/\/www.primafit.cz\/index.php\/wp-json\/wp\/v2\/pages\/292\/revisions\/1579"}],"up":[{"embeddable":true,"href":"https:\/\/www.primafit.cz\/index.php\/wp-json\/wp\/v2\/pages\/61"}],"wp:attachment":[{"href":"https:\/\/www.primafit.cz\/index.php\/wp-json\/wp\/v2\/media?parent=292"}],"curies":[{"name":"wp","href":"https:\/\/api.w.org\/{rel}","templated":true}]}}