{"id":374,"date":"2017-08-22T08:25:21","date_gmt":"2017-08-22T08:25:21","guid":{"rendered":"http:\/\/www.primafit.cz\/?page_id=374"},"modified":"2019-08-23T07:36:11","modified_gmt":"2019-08-23T07:36:11","slug":"katerina-rydlova","status":"publish","type":"page","link":"https:\/\/www.primafit.cz\/index.php\/uvodni-stranka\/lektori\/katerina-rydlova\/","title":{"rendered":"Kate\u0159ina Rydlov\u00e1"},"content":{"rendered":"<ul>\n<li>tan\u010d\u00ed ji\u017e 12 let<\/li>\n<li>vyhr\u00e1la se skupinou Mambo Pearls mistrovstv\u00ed \u010cR v Latino dance<\/li>\n<li>v\u011bnuje se kurz\u016fm Latino dance pro \u017eeny (salsa, bachata, cha-cha-cha)\n<ul>\n<li>Bachata &#8211; tanec romantick\u00fd, elegantn\u00ed a smysln\u00fd.<\/li>\n<li>Salsa &#8211; tanec energick\u00fd, \u017eiveln\u00fd a ve v\u011bt\u0161in\u011b p\u0159\u00edpad\u016f velice rychl\u00fd.<\/li>\n<li>Cha-cha &#8211; tanec s v\u00fdrazn\u00fdmi pohyby v boc\u00edch za doprovodu elegantn\u00edch pa\u017e\u00ed.<\/li>\n<\/ul>\n<\/li>\n<\/ul>\n<p>Videa a fotografie na str\u00e1nce: <a href=\"https:\/\/www.facebook.com\/Salsa-Kate%C5%99ina-Rydlov%C3%A1-228393080968344\/?fref=ts\" target=\"_blank\" rel=\"noopener noreferrer\">www.facebook.com<\/a><\/p>\n<p><img loading=\"lazy\" decoding=\"async\" class=\"aligncenter wp-image-377 size-full\" src=\"https:\/\/www.primafit.cz\/wp-content\/uploads\/2017\/08\/katerina.jpg\" alt=\"\" width=\"500\" height=\"753\" srcset=\"https:\/\/www.primafit.cz\/wp-content\/uploads\/2017\/08\/katerina.jpg 500w, https:\/\/www.primafit.cz\/wp-content\/uploads\/2017\/08\/katerina-199x300.jpg 199w\" sizes=\"auto, (max-width: 500px) 100vw, 500px\" \/><\/p>\n","protected":false},"excerpt":{"rendered":"<p>tan\u010d\u00ed ji\u017e 12 let vyhr\u00e1la se skupinou Mambo Pearls mistrovstv\u00ed \u010cR v Latino dance v\u011bnuje se kurz\u016fm Latino dance pro \u017eeny (salsa, bachata, cha-cha-cha) Bachata &#8211; tanec romantick\u00fd, elegantn\u00ed a smysln\u00fd. Salsa &#8211; tanec energick\u00fd, \u017eiveln\u00fd a ve v\u011bt\u0161in\u011b p\u0159\u00edpad\u016f velice rychl\u00fd. Cha-cha &#8211; tanec s v\u00fdrazn\u00fdmi pohyby v boc\u00edch [&hellip;]<\/p>\n","protected":false},"author":1,"featured_media":0,"parent":74,"menu_order":8,"comment_status":"closed","ping_status":"closed","template":"","meta":{"footnotes":""},"class_list":["post-374","page","type-page","status-publish","hentry"],"_links":{"self":[{"href":"https:\/\/www.primafit.cz\/index.php\/wp-json\/wp\/v2\/pages\/374","targetHints":{"allow":["GET"]}}],"collection":[{"href":"https:\/\/www.primafit.cz\/index.php\/wp-json\/wp\/v2\/pages"}],"about":[{"href":"https:\/\/www.primafit.cz\/index.php\/wp-json\/wp\/v2\/types\/page"}],"author":[{"embeddable":true,"href":"https:\/\/www.primafit.cz\/index.php\/wp-json\/wp\/v2\/users\/1"}],"replies":[{"embeddable":true,"href":"https:\/\/www.primafit.cz\/index.php\/wp-json\/wp\/v2\/comments?post=374"}],"version-history":[{"count":5,"href":"https:\/\/www.primafit.cz\/index.php\/wp-json\/wp\/v2\/pages\/374\/revisions"}],"predecessor-version":[{"id":1234,"href":"https:\/\/www.primafit.cz\/index.php\/wp-json\/wp\/v2\/pages\/374\/revisions\/1234"}],"up":[{"embeddable":true,"href":"https:\/\/www.primafit.cz\/index.php\/wp-json\/wp\/v2\/pages\/74"}],"wp:attachment":[{"href":"https:\/\/www.primafit.cz\/index.php\/wp-json\/wp\/v2\/media?parent=374"}],"curies":[{"name":"wp","href":"https:\/\/api.w.org\/{rel}","templated":true}]}}