{"id":423,"date":"2017-08-26T07:11:57","date_gmt":"2017-08-26T07:11:57","guid":{"rendered":"http:\/\/www.primafit.cz\/?page_id=423"},"modified":"2021-11-01T11:58:22","modified_gmt":"2021-11-01T11:58:22","slug":"pavlina-tylsova","status":"publish","type":"page","link":"https:\/\/www.primafit.cz\/index.php\/uvodni-stranka\/lektori\/pavlina-tylsova\/","title":{"rendered":"Pavl\u00edna Tyl\u0161ov\u00e1"},"content":{"rendered":"<ul>\n<li>v\u011bnuje se cel\u00fd \u017eivot b\u011bhu a sportovn\u00ed ch\u016fzi \u2013 z\u00e1vodn\u011b<\/li>\n<li>je instruktorkou Trampies<\/li>\n<li>miluje cyklistiku, turistiku, fitness<\/li>\n<li>u n\u00e1s ve studiu: poledn\u00ed HIIT + chyst\u00e1me outdoorov\u00e9 aktivity<\/li>\n<\/ul>\n<p><img loading=\"lazy\" decoding=\"async\" src=\"https:\/\/www.primafit.cz\/wp-content\/uploads\/2021\/11\/pavlina_tyrsova.jpg\" alt=\"\" width=\"360\" height=\"480\" class=\"size-full wp-image-1595 aligncenter\" srcset=\"https:\/\/www.primafit.cz\/wp-content\/uploads\/2021\/11\/pavlina_tyrsova.jpg 360w, https:\/\/www.primafit.cz\/wp-content\/uploads\/2021\/11\/pavlina_tyrsova-225x300.jpg 225w\" sizes=\"auto, (max-width: 360px) 100vw, 360px\" \/><\/p>\n","protected":false},"excerpt":{"rendered":"<p>v\u011bnuje se cel\u00fd \u017eivot b\u011bhu a sportovn\u00ed ch\u016fzi \u2013 z\u00e1vodn\u011b je instruktorkou Trampies miluje cyklistiku, turistiku, fitness u n\u00e1s ve studiu: poledn\u00ed HIIT + chyst\u00e1me outdoorov\u00e9 aktivity<\/p>\n","protected":false},"author":1,"featured_media":0,"parent":74,"menu_order":4,"comment_status":"closed","ping_status":"closed","template":"","meta":{"footnotes":""},"class_list":["post-423","page","type-page","status-publish","hentry"],"_links":{"self":[{"href":"https:\/\/www.primafit.cz\/index.php\/wp-json\/wp\/v2\/pages\/423","targetHints":{"allow":["GET"]}}],"collection":[{"href":"https:\/\/www.primafit.cz\/index.php\/wp-json\/wp\/v2\/pages"}],"about":[{"href":"https:\/\/www.primafit.cz\/index.php\/wp-json\/wp\/v2\/types\/page"}],"author":[{"embeddable":true,"href":"https:\/\/www.primafit.cz\/index.php\/wp-json\/wp\/v2\/users\/1"}],"replies":[{"embeddable":true,"href":"https:\/\/www.primafit.cz\/index.php\/wp-json\/wp\/v2\/comments?post=423"}],"version-history":[{"count":4,"href":"https:\/\/www.primafit.cz\/index.php\/wp-json\/wp\/v2\/pages\/423\/revisions"}],"predecessor-version":[{"id":1596,"href":"https:\/\/www.primafit.cz\/index.php\/wp-json\/wp\/v2\/pages\/423\/revisions\/1596"}],"up":[{"embeddable":true,"href":"https:\/\/www.primafit.cz\/index.php\/wp-json\/wp\/v2\/pages\/74"}],"wp:attachment":[{"href":"https:\/\/www.primafit.cz\/index.php\/wp-json\/wp\/v2\/media?parent=423"}],"curies":[{"name":"wp","href":"https:\/\/api.w.org\/{rel}","templated":true}]}}