{"id":84,"date":"2017-08-09T11:17:19","date_gmt":"2017-08-09T11:17:19","guid":{"rendered":"http:\/\/www.primafit.cz\/?page_id=84"},"modified":"2017-12-30T22:31:32","modified_gmt":"2017-12-30T22:31:32","slug":"rezervace","status":"publish","type":"page","link":"https:\/\/www.primafit.cz\/index.php\/rezervace\/","title":{"rendered":"Rezervace"},"content":{"rendered":"<h2 style=\"text-align: center;\"><span style=\"color: #ff0080;\">Vstup do na\u0161eho rezerva\u010dn\u00edho syst\u00e9mu<\/span><\/h2>\n<p><a href=\"https:\/\/primafit.isportsystem.cz\" target=\"_blank\" rel=\"noopener\"><img loading=\"lazy\" decoding=\"async\" class=\"aligncenter wp-image-546 size-medium\" src=\"https:\/\/www.primafit.cz\/wp-content\/uploads\/2017\/08\/images_4-300x66.png\" alt=\"\" width=\"300\" height=\"66\" srcset=\"https:\/\/www.primafit.cz\/wp-content\/uploads\/2017\/08\/images_4-300x66.png 300w, https:\/\/www.primafit.cz\/wp-content\/uploads\/2017\/08\/images_4.png 478w\" sizes=\"auto, (max-width: 300px) 100vw, 300px\" \/><\/a><\/p>\n<h3 style=\"text-align: center;\"><em>P\u0159ed Va\u0161\u00ed prvn\u00ed rezervac\u00ed je t\u0159eba se do syst\u00e9mu zaregistrovat!<\/em><\/h3>\n<hr \/>\n<p style=\"text-align: left;\">Klikn\u011bte na \u201eP\u0158IHL\u00c1SIT\u201c &#8211; d\u00e1le pak na \u201eNOV\u00c1 REGISTRACE\u201c.<br \/>\nPo zaregistrov\u00e1n\u00ed u\u017e budete moct rezervovat po\u017eadovan\u00e9 hodiny.<\/p>\n<p style=\"text-align: left;\">Nen\u00ed t\u0159eba m\u00edt zakoupen\u00e9 vstupy, rezervujete si m\u00edsto a plat\u00edte a\u017e p\u0159ed samotn\u00fdm cvi\u010den\u00edm ve studiu, kde si m\u016f\u017eete zakoupit zv\u00fdhodn\u011bn\u00e9 permanentky.<\/p>\n<p style=\"text-align: left;\">Pravidla rezervac\u00ed naleznete po vstupu do syt\u00e9mu.Nev\u00edte-li si s n\u011b\u010d\u00edm rady, volejte 604450131, r\u00e1di v\u00e1m pom\u016f\u017eeme.<\/p>\n","protected":false},"excerpt":{"rendered":"<p>Vstup do na\u0161eho rezerva\u010dn\u00edho syst\u00e9mu P\u0159ed Va\u0161\u00ed prvn\u00ed rezervac\u00ed je t\u0159eba se do syst\u00e9mu zaregistrovat! Klikn\u011bte na \u201eP\u0158IHL\u00c1SIT\u201c &#8211; d\u00e1le pak na \u201eNOV\u00c1 REGISTRACE\u201c. Po zaregistrov\u00e1n\u00ed u\u017e budete moct rezervovat po\u017eadovan\u00e9 hodiny. Nen\u00ed t\u0159eba m\u00edt zakoupen\u00e9 vstupy, rezervujete si m\u00edsto a plat\u00edte a\u017e p\u0159ed samotn\u00fdm cvi\u010den\u00edm ve studiu, kde si [&hellip;]<\/p>\n","protected":false},"author":1,"featured_media":0,"parent":0,"menu_order":5,"comment_status":"closed","ping_status":"closed","template":"","meta":{"footnotes":""},"class_list":["post-84","page","type-page","status-publish","hentry"],"_links":{"self":[{"href":"https:\/\/www.primafit.cz\/index.php\/wp-json\/wp\/v2\/pages\/84","targetHints":{"allow":["GET"]}}],"collection":[{"href":"https:\/\/www.primafit.cz\/index.php\/wp-json\/wp\/v2\/pages"}],"about":[{"href":"https:\/\/www.primafit.cz\/index.php\/wp-json\/wp\/v2\/types\/page"}],"author":[{"embeddable":true,"href":"https:\/\/www.primafit.cz\/index.php\/wp-json\/wp\/v2\/users\/1"}],"replies":[{"embeddable":true,"href":"https:\/\/www.primafit.cz\/index.php\/wp-json\/wp\/v2\/comments?post=84"}],"version-history":[{"count":14,"href":"https:\/\/www.primafit.cz\/index.php\/wp-json\/wp\/v2\/pages\/84\/revisions"}],"predecessor-version":[{"id":619,"href":"https:\/\/www.primafit.cz\/index.php\/wp-json\/wp\/v2\/pages\/84\/revisions\/619"}],"wp:attachment":[{"href":"https:\/\/www.primafit.cz\/index.php\/wp-json\/wp\/v2\/media?parent=84"}],"curies":[{"name":"wp","href":"https:\/\/api.w.org\/{rel}","templated":true}]}}