{"id":903,"date":"2018-08-24T12:35:36","date_gmt":"2018-08-24T12:35:36","guid":{"rendered":"http:\/\/www.primafit.cz\/?page_id=903"},"modified":"2019-08-23T07:37:10","modified_gmt":"2019-08-23T07:37:10","slug":"sarka-brojarova","status":"publish","type":"page","link":"https:\/\/www.primafit.cz\/index.php\/uvodni-stranka\/lektori\/sarka-brojarova\/","title":{"rendered":"\u0160\u00e1rka Brojarov\u00e1"},"content":{"rendered":"<ul>\n<li>vystudovala management sportu na Akademii t\u011blesn\u00e9 v\u00fdchovy a sportu Palestra<\/li>\n<li>nad\u0161enec do v\u0161ech sport\u016f<\/li>\n<li>tren\u00e9r Tenisov\u00e9ho klubu N\u00e1chod<\/li>\n<li>v na\u0161em studiu se v\u011bnuje d\u011btem v r\u00e1mci lekc\u00ed Z\u00e1klady gymnastiky<\/li>\n<\/ul>\n","protected":false},"excerpt":{"rendered":"<p>vystudovala management sportu na Akademii t\u011blesn\u00e9 v\u00fdchovy a sportu Palestra nad\u0161enec do v\u0161ech sport\u016f tren\u00e9r Tenisov\u00e9ho klubu N\u00e1chod v na\u0161em studiu se v\u011bnuje d\u011btem v r\u00e1mci lekc\u00ed Z\u00e1klady gymnastiky<\/p>\n","protected":false},"author":1,"featured_media":0,"parent":74,"menu_order":12,"comment_status":"closed","ping_status":"closed","template":"","meta":{"footnotes":""},"class_list":["post-903","page","type-page","status-publish","hentry"],"_links":{"self":[{"href":"https:\/\/www.primafit.cz\/index.php\/wp-json\/wp\/v2\/pages\/903","targetHints":{"allow":["GET"]}}],"collection":[{"href":"https:\/\/www.primafit.cz\/index.php\/wp-json\/wp\/v2\/pages"}],"about":[{"href":"https:\/\/www.primafit.cz\/index.php\/wp-json\/wp\/v2\/types\/page"}],"author":[{"embeddable":true,"href":"https:\/\/www.primafit.cz\/index.php\/wp-json\/wp\/v2\/users\/1"}],"replies":[{"embeddable":true,"href":"https:\/\/www.primafit.cz\/index.php\/wp-json\/wp\/v2\/comments?post=903"}],"version-history":[{"count":2,"href":"https:\/\/www.primafit.cz\/index.php\/wp-json\/wp\/v2\/pages\/903\/revisions"}],"predecessor-version":[{"id":1238,"href":"https:\/\/www.primafit.cz\/index.php\/wp-json\/wp\/v2\/pages\/903\/revisions\/1238"}],"up":[{"embeddable":true,"href":"https:\/\/www.primafit.cz\/index.php\/wp-json\/wp\/v2\/pages\/74"}],"wp:attachment":[{"href":"https:\/\/www.primafit.cz\/index.php\/wp-json\/wp\/v2\/media?parent=903"}],"curies":[{"name":"wp","href":"https:\/\/api.w.org\/{rel}","templated":true}]}}